{"id":2577,"date":"2024-06-20T09:32:27","date_gmt":"2024-06-20T09:32:27","guid":{"rendered":"https:\/\/semuehitus.ee\/swp\/?page_id=2577"},"modified":"2024-06-20T09:41:19","modified_gmt":"2024-06-20T09:41:19","slug":"teenused","status":"publish","type":"page","link":"https:\/\/semuehitus.ee\/swp\/teenused\/","title":{"rendered":"Teenused"},"content":{"rendered":"<div class=\"wpb-content-wrapper\"><p>[vc_row wrap_container=&#8221;yes&#8221; is_section=&#8221;yes&#8221; section_skin=&#8221;parallax&#8221; remove_margin_top=&#8221;yes&#8221; remove_margin_bottom=&#8221;yes&#8221; remove_padding_bottom=&#8221;yes&#8221; remove_border=&#8221;yes&#8221; bg_type=&#8221;image&#8221; parallax_style=&#8221;vcpb-animated&#8221; bg_image_new=&#8221;id^722|url^http:\/\/semuehitus.ee\/swp\/wp-content\/uploads\/2016\/08\/liikuv-taust-2.png|caption^null|alt^null|title^liikuv-taust|description^null&#8221; bg_image_size=&#8221;initial&#8221; css=&#8221;.vc_custom_1506059715978{margin-top: 0px !important;}&#8221;][vc_column][vc_custom_heading text=&#8221;Pakutavad teenused&#8221; use_theme_fonts=&#8221;yes&#8221; el_class=&#8221;m-t-lg m-b-none&#8221;][vc_separator color=&#8221;custom&#8221; align=&#8221;align_left&#8221; border_width=&#8221;3&#8243; type=&#8221;small&#8221; accent_color=&#8221;#ec1c28&#8243;][vc_row_inner][vc_column_inner width=&#8221;1\/3&#8243;]<div tabindex=\"0\" class=\"ult-new-ib ult-ib-effect-style13  ult-ib-resp ult-ib2-min-height \" data-min-width=\"768\" data-max-width=\"900\" style=\"background:#25538c; opacity:0; \" data-opacity=\"0.9\" data-hover-opacity=\"0.4\"  data-min-height=\"235\" ><img decoding=\"async\" class=\"ult-new-ib-img\" style=\"opacity:0.9;\" alt=\"null\" src=\"https:\/\/semuehitus.ee\/swp\/wp-content\/uploads\/2023\/11\/Jarve-kool-ulalt.jpg\"  data-min-height=\"235\"   \/><div id=\"interactive-banner-wrap-7092\" class=\"ult-new-ib-desc\" style=\"\"><h2 class=\"ult-new-ib-title ult-responsive\"  data-ultimate-target='#interactive-banner-wrap-7092 .ult-new-ib-title'  data-responsive-json-new='{\"font-size\":\"desktop:24px;\",\"line-height\":\"\"}'  style=\"font-weight:bold;\">Ehituse peat\u00f6\u00f6v\u00f5tt ja projektijuhtimine<\/h2><div class=\"ult-new-ib-content ult-responsive\"  data-ultimate-target='#interactive-banner-wrap-7092 .ult-new-ib-content'  data-responsive-json-new='{\"font-size\":\"\",\"line-height\":\"\"}'  style=\"font-weight:normal;\"><p>Pakume hoonete ja rajatiste ehitamist ning projektijuhtimist peat\u00f6\u00f6v\u00f5tu korras.<\/p><\/div><\/div><a class=\"ult-new-ib-link\" href=\"https:\/\/semuehitus.ee\/swp\/teenused\/\" title=\"Valminud objektid\"  ><\/a><\/div>[\/vc_column_inner][vc_column_inner width=&#8221;1\/3&#8243;]<div tabindex=\"0\" class=\"ult-new-ib ult-ib-effect-style13  ult-ib-resp ult-ib2-min-height \" data-min-width=\"768\" data-max-width=\"900\" style=\"background:#25538c; opacity:0; \" data-opacity=\"0.9\" data-hover-opacity=\"0.4\"  data-min-height=\"235\" ><img decoding=\"async\" class=\"ult-new-ib-img\" style=\"opacity:0.9;\" alt=\"null\" src=\"https:\/\/semuehitus.ee\/swp\/wp-content\/uploads\/2024\/06\/Jarve-kool-terrassi-vaade-scaled.jpg\"  data-min-height=\"235\"   \/><div id=\"interactive-banner-wrap-8163\" class=\"ult-new-ib-desc\" style=\"\"><h2 class=\"ult-new-ib-title ult-responsive\"  data-ultimate-target='#interactive-banner-wrap-8163 .ult-new-ib-title'  data-responsive-json-new='{\"font-size\":\"desktop:24px;\",\"line-height\":\"\"}'  style=\"font-weight:bold;\">Projekteerimine ja \u00fcldehitus<\/h2><div class=\"ult-new-ib-content ult-responsive\"  data-ultimate-target='#interactive-banner-wrap-8163 .ult-new-ib-content'  data-responsive-json-new='{\"font-size\":\"\",\"line-height\":\"\"}'  style=\"font-weight:normal;\"><p>Pakume t\u00e4iskomplektset lahendust t\u00f6\u00f6stus-, lao- ja \u00e4rihoonete projekteerimisele ja ehitusele.<\/p><\/div><\/div><a class=\"ult-new-ib-link\" href=\"https:\/\/semuehitus.ee\/swp\/teenused\/\" title=\"Valminud objektid\"  ><\/a><\/div>[\/vc_column_inner][vc_column_inner width=&#8221;1\/3&#8243;]<div tabindex=\"0\" class=\"ult-new-ib ult-ib-effect-style13  ult-ib-resp ult-ib2-min-height \" data-min-width=\"768\" data-max-width=\"900\" style=\"background:#25538c; opacity:0; \" data-opacity=\"0.9\" data-hover-opacity=\"0.4\"  data-min-height=\"235\" ><img decoding=\"async\" class=\"ult-new-ib-img\" style=\"opacity:0.9;\" alt=\"null\" src=\"https:\/\/semuehitus.ee\/swp\/wp-content\/uploads\/2023\/11\/Jarve-kool-ulalt-vaade-2.jpg\"  data-min-height=\"235\"   \/><div id=\"interactive-banner-wrap-9180\" class=\"ult-new-ib-desc\" style=\"\"><h2 class=\"ult-new-ib-title ult-responsive\"  data-ultimate-target='#interactive-banner-wrap-9180 .ult-new-ib-title'  data-responsive-json-new='{\"font-size\":\"desktop:24px;\",\"line-height\":\"\"}'  style=\"font-weight:bold;\">Kinnisvaraarendus<\/h2><div class=\"ult-new-ib-content ult-responsive\"  data-ultimate-target='#interactive-banner-wrap-9180 .ult-new-ib-content'  data-responsive-json-new='{\"font-size\":\"\",\"line-height\":\"\"}'  style=\"font-weight:normal;\"><p>Tegeleme kinnisvaraarendusega. Suurimate meie arendatud kinnisvaraobjektide hulka kuulub n\u00e4iteks V\u00f5rus Kagukeskus, V\u00f5ru Koidula tn 26 korterelamud (3 hoonet) ja palju muud.<\/p><\/div><\/div><a class=\"ult-new-ib-link\" href=\"https:\/\/semuehitus.ee\/swp\/teenused\/\" title=\"Valminud objektid\"  ><\/a><\/div>[\/vc_column_inner][\/vc_row_inner][vc_row_inner][vc_column_inner width=&#8221;1\/3&#8243;]<div tabindex=\"0\" class=\"ult-new-ib ult-ib-effect-style13  ult-ib-resp ult-ib2-min-height \" data-min-width=\"768\" data-max-width=\"900\" style=\"background:#25538c; opacity:0; \" data-opacity=\"0.9\" data-hover-opacity=\"0.4\"  data-min-height=\"235\" ><img decoding=\"async\" class=\"ult-new-ib-img\" style=\"opacity:0.9;\" alt=\"null\" src=\"https:\/\/semuehitus.ee\/swp\/wp-content\/uploads\/2023\/11\/Jarve-kool-oueala-2.jpg\"  data-min-height=\"235\"   \/><div id=\"interactive-banner-wrap-2270\" class=\"ult-new-ib-desc\" style=\"\"><h2 class=\"ult-new-ib-title ult-responsive\"  data-ultimate-target='#interactive-banner-wrap-2270 .ult-new-ib-title'  data-responsive-json-new='{\"font-size\":\"desktop:24px;\",\"line-height\":\"\"}'  style=\"font-weight:bold;\">Muinsuskaitsealaste objektide renoveerimine ja restaureerimine<\/h2><div class=\"ult-new-ib-content ult-responsive\"  data-ultimate-target='#interactive-banner-wrap-2270 .ult-new-ib-content'  data-responsive-json-new='{\"font-size\":\"\",\"line-height\":\"\"}'  style=\"font-weight:normal;\"><p>Muinsuskaitsealaste hoonete ja objektide renoveerimine. Semuehitusel on Muinsuskaitse tegevusluba<\/p><\/div><\/div><a class=\"ult-new-ib-link\" href=\"https:\/\/semuehitus.ee\/swp\/teenused\/\" title=\"Valminud objektid\"  ><\/a><\/div>[\/vc_column_inner][vc_column_inner width=&#8221;1\/3&#8243;]<div tabindex=\"0\" class=\"ult-new-ib ult-ib-effect-style13  ult-ib-resp ult-ib2-min-height \" data-min-width=\"768\" data-max-width=\"900\" style=\"background:#25538c; opacity:0; \" data-opacity=\"0.9\" data-hover-opacity=\"0.4\"  data-min-height=\"235\" ><img decoding=\"async\" class=\"ult-new-ib-img\" style=\"opacity:0.9;\" alt=\"null\" src=\"https:\/\/semuehitus.ee\/swp\/wp-content\/uploads\/2024\/06\/IMG_7273-scaled.jpg\"  data-min-height=\"235\"   \/><div id=\"interactive-banner-wrap-6333\" class=\"ult-new-ib-desc\" style=\"\"><h2 class=\"ult-new-ib-title ult-responsive\"  data-ultimate-target='#interactive-banner-wrap-6333 .ult-new-ib-title'  data-responsive-json-new='{\"font-size\":\"desktop:24px;\",\"line-height\":\"\"}'  style=\"font-weight:bold;\">T\u00f6\u00f6stus-, lao- ja \u00e4rihoonete t\u00e4islahendus<\/h2><div class=\"ult-new-ib-content ult-responsive\"  data-ultimate-target='#interactive-banner-wrap-6333 .ult-new-ib-content'  data-responsive-json-new='{\"font-size\":\"\",\"line-height\":\"\"}'  style=\"font-weight:normal;\"><p>Pakume t\u00e4islahendust \u00e4rihoonete projekteerimisele ja ehitamisele.<\/p><\/div><\/div><a class=\"ult-new-ib-link\" href=\"https:\/\/semuehitus.ee\/swp\/teenused\/\" title=\"Valminud objektid\"  ><\/a><\/div>[\/vc_column_inner][vc_column_inner width=&#8221;1\/3&#8243;]<div tabindex=\"0\" class=\"ult-new-ib ult-ib-effect-style13  ult-ib-resp ult-ib2-min-height \" data-min-width=\"768\" data-max-width=\"900\" style=\"background:#25538c; opacity:0; \" data-opacity=\"0.9\" data-hover-opacity=\"0.4\"  data-min-height=\"235\" ><img decoding=\"async\" class=\"ult-new-ib-img\" style=\"opacity:0.9;\" alt=\"null\" src=\"https:\/\/semuehitus.ee\/swp\/wp-content\/uploads\/2024\/06\/IMG_7263-scaled.jpg\"  data-min-height=\"235\"   \/><div id=\"interactive-banner-wrap-7059\" class=\"ult-new-ib-desc\" style=\"\"><h2 class=\"ult-new-ib-title ult-responsive\"  data-ultimate-target='#interactive-banner-wrap-7059 .ult-new-ib-title'  data-responsive-json-new='{\"font-size\":\"desktop:24px;\",\"line-height\":\"\"}'  style=\"font-weight:bold;\">Korterelamute rekonstrueerimine ja renoveerimine<\/h2><div class=\"ult-new-ib-content ult-responsive\"  data-ultimate-target='#interactive-banner-wrap-7059 .ult-new-ib-content'  data-responsive-json-new='{\"font-size\":\"\",\"line-height\":\"\"}'  style=\"font-weight:normal;\"><p>Pakume korterelamute t\u00e4ieliku rekonstrueerimise lahendusi.<\/p><\/div><\/div><a class=\"ult-new-ib-link\" href=\"https:\/\/semuehitus.ee\/swp\/teenused\/\" title=\"Valminud objektid\"  ><\/a><\/div>[\/vc_column_inner][\/vc_row_inner][\/vc_column][\/vc_row]<\/p>\n<\/div>","protected":false},"excerpt":{"rendered":"<p>[vc_row wrap_container=&#8221;yes&#8221; is_section=&#8221;yes&#8221; section_skin=&#8221;parallax&#8221; remove_margin_top=&#8221;yes&#8221; remove_margin_bottom=&#8221;yes&#8221; remove_padding_bottom=&#8221;yes&#8221; remove_border=&#8221;yes&#8221; bg_type=&#8221;image&#8221; parallax_style=&#8221;vcpb-animated&#8221; bg_image_new=&#8221;id^722|url^http:\/\/semuehitus.ee\/swp\/wp-content\/uploads\/2016\/08\/liikuv-taust-2.png|caption^null|alt^null|title^liikuv-taust|description^null&#8221; bg_image_size=&#8221;initial&#8221; css=&#8221;.vc_custom_1506059715978{margin-top: 0px !important;}&#8221;][vc_column][vc_custom_heading text=&#8221;Pakutavad teenused&#8221; use_theme_fonts=&#8221;yes&#8221; el_class=&#8221;m-t-lg m-b-none&#8221;][vc_separator color=&#8221;custom&#8221; align=&#8221;align_left&#8221; border_width=&#8221;3&#8243; type=&#8221;small&#8221; accent_color=&#8221;#ec1c28&#8243;][vc_row_inner][vc_column_inner width=&#8221;1\/3&#8243;][\/vc_column_inner][vc_column_inner width=&#8221;1\/3&#8243;][\/vc_column_inner][vc_column_inner width=&#8221;1\/3&#8243;][\/vc_column_inner][\/vc_row_inner][vc_row_inner][vc_column_inner width=&#8221;1\/3&#8243;][\/vc_column_inner][vc_column_inner width=&#8221;1\/3&#8243;][\/vc_column_inner][vc_column_inner width=&#8221;1\/3&#8243;][\/vc_column_inner][\/vc_row_inner][\/vc_column][\/vc_row]<\/p>\n","protected":false},"author":3,"featured_media":0,"parent":0,"menu_order":0,"comment_status":"closed","ping_status":"closed","template":"","meta":{"footnotes":""},"class_list":["post-2577","page","type-page","status-publish","hentry"],"aioseo_notices":[],"_links":{"self":[{"href":"https:\/\/semuehitus.ee\/swp\/wp-json\/wp\/v2\/pages\/2577","targetHints":{"allow":["GET"]}}],"collection":[{"href":"https:\/\/semuehitus.ee\/swp\/wp-json\/wp\/v2\/pages"}],"about":[{"href":"https:\/\/semuehitus.ee\/swp\/wp-json\/wp\/v2\/types\/page"}],"author":[{"embeddable":true,"href":"https:\/\/semuehitus.ee\/swp\/wp-json\/wp\/v2\/users\/3"}],"replies":[{"embeddable":true,"href":"https:\/\/semuehitus.ee\/swp\/wp-json\/wp\/v2\/comments?post=2577"}],"version-history":[{"count":2,"href":"https:\/\/semuehitus.ee\/swp\/wp-json\/wp\/v2\/pages\/2577\/revisions"}],"predecessor-version":[{"id":2583,"href":"https:\/\/semuehitus.ee\/swp\/wp-json\/wp\/v2\/pages\/2577\/revisions\/2583"}],"wp:attachment":[{"href":"https:\/\/semuehitus.ee\/swp\/wp-json\/wp\/v2\/media?parent=2577"}],"curies":[{"name":"wp","href":"https:\/\/api.w.org\/{rel}","templated":true}]}}