{"id":143,"date":"2016-08-11T07:36:22","date_gmt":"2016-08-11T07:36:22","guid":{"rendered":"http:\/\/sw-themes.com\/porto_dummy\/?page_id=143"},"modified":"2025-11-21T13:07:41","modified_gmt":"2025-11-21T13:07:41","slug":"home-2","status":"publish","type":"page","link":"https:\/\/semuehitus.ee\/swp\/","title":{"rendered":"Avaleht"},"content":{"rendered":"<div class=\"wpb-content-wrapper\"><p>[vc_row wrap_container=&#8221;yes&#8221; is_section=&#8221;yes&#8221; section_skin=&#8221;parallax&#8221; remove_margin_top=&#8221;yes&#8221; remove_margin_bottom=&#8221;yes&#8221; remove_padding_bottom=&#8221;yes&#8221; remove_border=&#8221;yes&#8221; bg_type=&#8221;image&#8221; parallax_style=&#8221;vcpb-animated&#8221; bg_image_new=&#8221;id^722|url^http:\/\/semuehitus.ee\/swp\/wp-content\/uploads\/2016\/08\/liikuv-taust-2.png|caption^null|alt^null|title^liikuv-taust|description^null&#8221; bg_image_size=&#8221;initial&#8221; css=&#8221;.vc_custom_1506059715978{margin-top: 0px !important;}&#8221;][vc_column width=&#8221;1\/3&#8243;][vc_custom_heading text=&#8221;Ettev\u00f5ttest&#8221; use_theme_fonts=&#8221;yes&#8221; el_class=&#8221;m-t-lg m-b-none&#8221;][vc_separator color=&#8221;custom&#8221; align=&#8221;align_left&#8221; border_width=&#8221;3&#8243; type=&#8221;small&#8221; accent_color=&#8221;#ec1c28&#8243;][vc_column_text el_class=&#8221;m-t-lg&#8221;]<span style=\"font-size: 20px;\"><strong>Semuehitus tegeleb peamiselt ehituse peat\u00f6\u00f6v\u00f5tu ja projektijuhtimisega.<span style=\"font-size: 20px;\"> Pakume t\u00e4iskomplektset lahendust alates ideest, projekteerimisest ja ehitusest kuni kasutusloa v\u00e4ljastamiseni. Ehitus- ja kinnisvaraturul oleme aktiivselt tegutsenud juba \u00fcle 30 aasta.<\/span><\/strong><\/span><\/p>\n<p>Semuehitusel on ehitusalase peat\u00f6\u00f6v\u00f5tu ja projektide juhtimise ISO 9001 kvaliteedisertifikaati, ISO 14001 keskkonnajuhtimiss\u00fcsteemi standardit ning Muinsuskaitseameti tegevusluba.[\/vc_column_text][vc_btn title=&#8221;Loe edasi&#8221; style=&#8221;custom&#8221; custom_background=&#8221;#ec1c28&#8243; custom_text=&#8221;#ffffff&#8221; shape=&#8221;square&#8221; size=&#8221;lg&#8221; skin=&#8221;primary&#8221; link=&#8221;url:http%3A%2F%2Fsemuehitus.ee%2Fettevottest%2F|||&#8221;][\/vc_column][vc_column width=&#8221;1\/3&#8243;][vc_custom_heading text=&#8221;Valminud objektid&#8221; use_theme_fonts=&#8221;yes&#8221; el_class=&#8221;m-t-lg m-b-none&#8221;][vc_separator color=&#8221;custom&#8221; align=&#8221;align_left&#8221; border_width=&#8221;3&#8243; type=&#8221;small&#8221; accent_color=&#8221;#ec1c28&#8243;]<div tabindex=\"0\" class=\"ult-new-ib ult-ib-effect-style13  ult-ib-resp ult-ib2-min-height \" data-min-width=\"768\" data-max-width=\"900\" style=\"background:#ec1c28; opacity:0; \" data-opacity=\"0.8\" data-hover-opacity=\"0.3\"  data-min-height=\"235\" ><img decoding=\"async\" class=\"ult-new-ib-img\" style=\"opacity:0.8;\" alt=\"null\" src=\"https:\/\/semuehitus.ee\/swp\/wp-content\/uploads\/2024\/06\/Voru-Tervisekeskus-droonifoto-ohtul-autor-Aigar-Nagel.jpg\"  data-min-height=\"235\"   \/><div id=\"interactive-banner-wrap-3097\" class=\"ult-new-ib-desc\" style=\"\"><h2 class=\"ult-new-ib-title ult-responsive\"  data-ultimate-target='#interactive-banner-wrap-3097 .ult-new-ib-title'  data-responsive-json-new='{\"font-size\":\"\",\"line-height\":\"\"}'  style=\"font-weight:normal;\">Galerii<\/h2><\/div><a class=\"ult-new-ib-link\" href=\"https:\/\/semuehitus.ee\/swp\/galerii-tehtud-toodest\/\" title=\"Valminud objektid\"  ><\/a><\/div>[\/vc_column][vc_column width=&#8221;1\/3&#8243;][vc_custom_heading text=&#8221;Uudised ja teated&#8221; use_theme_fonts=&#8221;yes&#8221; el_class=&#8221;m-t-lg m-b-none&#8221;][vc_separator color=&#8221;custom&#8221; align=&#8221;align_left&#8221; border_width=&#8221;3&#8243; type=&#8221;small&#8221; accent_color=&#8221;#ec1c28&#8243;][vc_widget_sidebar sidebar_id=&#8221;porto-custom-sidebar-esileheuudised&#8221;][\/vc_column][\/vc_row][vc_row wrap_container=&#8221;yes&#8221; is_section=&#8221;yes&#8221; section_skin=&#8221;parallax&#8221; remove_margin_top=&#8221;yes&#8221; remove_margin_bottom=&#8221;yes&#8221; remove_padding_bottom=&#8221;yes&#8221; remove_border=&#8221;yes&#8221; bg_type=&#8221;image&#8221; parallax_style=&#8221;vcpb-animated&#8221; bg_image_new=&#8221;id^722|url^http:\/\/semuehitus.ee\/swp\/wp-content\/uploads\/2016\/08\/liikuv-taust-2.png|caption^null|alt^null|title^liikuv-taust|description^null&#8221; bg_image_size=&#8221;initial&#8221; css=&#8221;.vc_custom_1506059715978{margin-top: 0px !important;}&#8221;][vc_column][vc_custom_heading text=&#8221;Pakutavad teenused&#8221; use_theme_fonts=&#8221;yes&#8221; el_class=&#8221;m-t-lg m-b-none&#8221;][vc_separator color=&#8221;custom&#8221; align=&#8221;align_left&#8221; border_width=&#8221;3&#8243; type=&#8221;small&#8221; accent_color=&#8221;#ec1c28&#8243;][vc_row_inner][vc_column_inner width=&#8221;1\/3&#8243;]<div tabindex=\"0\" class=\"ult-new-ib ult-ib-effect-style13  ult-ib-resp ult-ib2-min-height \" data-min-width=\"768\" data-max-width=\"900\" style=\"background:#25538c; opacity:0; \" data-opacity=\"0.9\" data-hover-opacity=\"0.4\"  data-min-height=\"235\" ><img decoding=\"async\" class=\"ult-new-ib-img\" style=\"opacity:0.9;\" alt=\"null\" src=\"https:\/\/semuehitus.ee\/swp\/wp-content\/uploads\/2023\/11\/Jarve-kool-ulalt.jpg\"  data-min-height=\"235\"   \/><div id=\"interactive-banner-wrap-8103\" class=\"ult-new-ib-desc\" style=\"\"><h2 class=\"ult-new-ib-title ult-responsive\"  data-ultimate-target='#interactive-banner-wrap-8103 .ult-new-ib-title'  data-responsive-json-new='{\"font-size\":\"desktop:24px;\",\"line-height\":\"\"}'  style=\"font-weight:bold;\">Ehituse peat\u00f6\u00f6v\u00f5tt ja projektijuhtimine<\/h2><div class=\"ult-new-ib-content ult-responsive\"  data-ultimate-target='#interactive-banner-wrap-8103 .ult-new-ib-content'  data-responsive-json-new='{\"font-size\":\"\",\"line-height\":\"\"}'  style=\"font-weight:normal;\"><p>Pakume hoonete ja rajatiste ehitamist ning projektijuhtimist peat\u00f6\u00f6v\u00f5tu korras.<\/p><\/div><\/div><a class=\"ult-new-ib-link\" href=\"https:\/\/semuehitus.ee\/swp\/teenused\/\" title=\"Valminud objektid\"  ><\/a><\/div>[\/vc_column_inner][vc_column_inner width=&#8221;1\/3&#8243;]<div tabindex=\"0\" class=\"ult-new-ib ult-ib-effect-style13  ult-ib-resp ult-ib2-min-height \" data-min-width=\"768\" data-max-width=\"900\" style=\"background:#25538c; opacity:0; \" data-opacity=\"0.9\" data-hover-opacity=\"0.4\"  data-min-height=\"235\" ><img decoding=\"async\" class=\"ult-new-ib-img\" style=\"opacity:0.9;\" alt=\"null\" src=\"https:\/\/semuehitus.ee\/swp\/wp-content\/uploads\/2024\/06\/Jarve-kool-terrassi-vaade-scaled.jpg\"  data-min-height=\"235\"   \/><div id=\"interactive-banner-wrap-6281\" class=\"ult-new-ib-desc\" style=\"\"><h2 class=\"ult-new-ib-title ult-responsive\"  data-ultimate-target='#interactive-banner-wrap-6281 .ult-new-ib-title'  data-responsive-json-new='{\"font-size\":\"desktop:24px;\",\"line-height\":\"\"}'  style=\"font-weight:bold;\">Projekteerimine ja \u00fcldehitus<\/h2><div class=\"ult-new-ib-content ult-responsive\"  data-ultimate-target='#interactive-banner-wrap-6281 .ult-new-ib-content'  data-responsive-json-new='{\"font-size\":\"\",\"line-height\":\"\"}'  style=\"font-weight:normal;\"><p>Pakume t\u00e4iskomplektset lahendust t\u00f6\u00f6stus-, lao- ja \u00e4rihoonete projekteerimisele ja ehitusele.<\/p><\/div><\/div><a class=\"ult-new-ib-link\" href=\"https:\/\/semuehitus.ee\/swp\/teenused\/\" title=\"Valminud objektid\"  ><\/a><\/div>[\/vc_column_inner][vc_column_inner width=&#8221;1\/3&#8243;]<div tabindex=\"0\" class=\"ult-new-ib ult-ib-effect-style13  ult-ib-resp ult-ib2-min-height \" data-min-width=\"768\" data-max-width=\"900\" style=\"background:#25538c; opacity:0; \" data-opacity=\"0.9\" data-hover-opacity=\"0.4\"  data-min-height=\"235\" ><img decoding=\"async\" class=\"ult-new-ib-img\" style=\"opacity:0.9;\" alt=\"null\" src=\"https:\/\/semuehitus.ee\/swp\/wp-content\/uploads\/2023\/11\/Jarve-kool-ulalt-vaade-2.jpg\"  data-min-height=\"235\"   \/><div id=\"interactive-banner-wrap-7321\" class=\"ult-new-ib-desc\" style=\"\"><h2 class=\"ult-new-ib-title ult-responsive\"  data-ultimate-target='#interactive-banner-wrap-7321 .ult-new-ib-title'  data-responsive-json-new='{\"font-size\":\"desktop:24px;\",\"line-height\":\"\"}'  style=\"font-weight:bold;\">Kinnisvaraarendus<\/h2><div class=\"ult-new-ib-content ult-responsive\"  data-ultimate-target='#interactive-banner-wrap-7321 .ult-new-ib-content'  data-responsive-json-new='{\"font-size\":\"\",\"line-height\":\"\"}'  style=\"font-weight:normal;\"><p>Tegeleme kinnisvaraarendusega. Suurimate meie arendatud kinnisvaraobjektide hulka kuulub n\u00e4iteks V\u00f5rus Kagukeskus, V\u00f5ru Koidula tn 26 korterelamud (3 hoonet) ja palju muud.<\/p><\/div><\/div><a class=\"ult-new-ib-link\" href=\"https:\/\/semuehitus.ee\/swp\/teenused\/\" title=\"Valminud objektid\"  ><\/a><\/div>[\/vc_column_inner][\/vc_row_inner][vc_row_inner][vc_column_inner width=&#8221;1\/3&#8243;]<div tabindex=\"0\" class=\"ult-new-ib ult-ib-effect-style13  ult-ib-resp ult-ib2-min-height \" data-min-width=\"768\" data-max-width=\"900\" style=\"background:#25538c; opacity:0; \" data-opacity=\"0.9\" data-hover-opacity=\"0.4\"  data-min-height=\"235\" ><img decoding=\"async\" class=\"ult-new-ib-img\" style=\"opacity:0.9;\" alt=\"null\" src=\"https:\/\/semuehitus.ee\/swp\/wp-content\/uploads\/2023\/11\/Jarve-kool-oueala-2.jpg\"  data-min-height=\"235\"   \/><div id=\"interactive-banner-wrap-9000\" class=\"ult-new-ib-desc\" style=\"\"><h2 class=\"ult-new-ib-title ult-responsive\"  data-ultimate-target='#interactive-banner-wrap-9000 .ult-new-ib-title'  data-responsive-json-new='{\"font-size\":\"desktop:24px;\",\"line-height\":\"\"}'  style=\"font-weight:bold;\">Muinsuskaitsealaste objektide renoveerimine ja restaureerimine<\/h2><div class=\"ult-new-ib-content ult-responsive\"  data-ultimate-target='#interactive-banner-wrap-9000 .ult-new-ib-content'  data-responsive-json-new='{\"font-size\":\"\",\"line-height\":\"\"}'  style=\"font-weight:normal;\"><p>Muinsuskaitsealaste hoonete ja objektide renoveerimine. Semuehitusel on Muinsuskaitse tegevusluba<\/p><\/div><\/div><a class=\"ult-new-ib-link\" href=\"https:\/\/semuehitus.ee\/swp\/teenused\/\" title=\"Valminud objektid\"  ><\/a><\/div>[\/vc_column_inner][vc_column_inner width=&#8221;1\/3&#8243;]<div tabindex=\"0\" class=\"ult-new-ib ult-ib-effect-style13  ult-ib-resp ult-ib2-min-height \" data-min-width=\"768\" data-max-width=\"900\" style=\"background:#25538c; opacity:0; \" data-opacity=\"0.9\" data-hover-opacity=\"0.4\"  data-min-height=\"235\" ><img decoding=\"async\" class=\"ult-new-ib-img\" style=\"opacity:0.9;\" alt=\"null\" src=\"https:\/\/semuehitus.ee\/swp\/wp-content\/uploads\/2024\/06\/IMG_7273-scaled.jpg\"  data-min-height=\"235\"   \/><div id=\"interactive-banner-wrap-9488\" class=\"ult-new-ib-desc\" style=\"\"><h2 class=\"ult-new-ib-title ult-responsive\"  data-ultimate-target='#interactive-banner-wrap-9488 .ult-new-ib-title'  data-responsive-json-new='{\"font-size\":\"desktop:24px;\",\"line-height\":\"\"}'  style=\"font-weight:bold;\">T\u00f6\u00f6stus-, lao- ja \u00e4rihoonete t\u00e4islahendus<\/h2><div class=\"ult-new-ib-content ult-responsive\"  data-ultimate-target='#interactive-banner-wrap-9488 .ult-new-ib-content'  data-responsive-json-new='{\"font-size\":\"\",\"line-height\":\"\"}'  style=\"font-weight:normal;\"><p>Pakume t\u00e4islahendust \u00e4rihoonete projekteerimisele ja ehitamisele.<\/p><\/div><\/div><a class=\"ult-new-ib-link\" href=\"https:\/\/semuehitus.ee\/swp\/teenused\/\" title=\"Valminud objektid\"  ><\/a><\/div>[\/vc_column_inner][vc_column_inner width=&#8221;1\/3&#8243;]<div tabindex=\"0\" class=\"ult-new-ib ult-ib-effect-style13  ult-ib-resp ult-ib2-min-height \" data-min-width=\"768\" data-max-width=\"900\" style=\"background:#25538c; opacity:0; \" data-opacity=\"0.9\" data-hover-opacity=\"0.4\"  data-min-height=\"235\" ><img decoding=\"async\" class=\"ult-new-ib-img\" style=\"opacity:0.9;\" alt=\"null\" src=\"https:\/\/semuehitus.ee\/swp\/wp-content\/uploads\/2024\/06\/IMG_7263-scaled.jpg\"  data-min-height=\"235\"   \/><div id=\"interactive-banner-wrap-3740\" class=\"ult-new-ib-desc\" style=\"\"><h2 class=\"ult-new-ib-title ult-responsive\"  data-ultimate-target='#interactive-banner-wrap-3740 .ult-new-ib-title'  data-responsive-json-new='{\"font-size\":\"desktop:24px;\",\"line-height\":\"\"}'  style=\"font-weight:bold;\">Korterelamute rekonstrueerimine ja renoveerimine<\/h2><div class=\"ult-new-ib-content ult-responsive\"  data-ultimate-target='#interactive-banner-wrap-3740 .ult-new-ib-content'  data-responsive-json-new='{\"font-size\":\"\",\"line-height\":\"\"}'  style=\"font-weight:normal;\"><p>Pakume korterelamute t\u00e4ieliku rekonstrueerimise lahendusi.<\/p><\/div><\/div><a class=\"ult-new-ib-link\" href=\"https:\/\/semuehitus.ee\/swp\/teenused\/\" title=\"Valminud objektid\"  ><\/a><\/div>[\/vc_column_inner][\/vc_row_inner][vc_custom_heading text=&#8221;Tunnustused&#8221; use_theme_fonts=&#8221;yes&#8221; el_class=&#8221;m-t-lg m-b-none&#8221;][vc_separator color=&#8221;custom&#8221; align=&#8221;align_left&#8221; border_width=&#8221;3&#8243; type=&#8221;small&#8221; accent_color=&#8221;#ec1c28&#8243;][\/vc_column][\/vc_row][vc_row wrap_container=&#8221;yes&#8221;][vc_column width=&#8221;1\/3&#8243;][vc_single_image image=&#8221;2716&#8243; img_size=&#8221;300&#215;300&#8243; alignment=&#8221;right&#8221; style=&#8221;vc_box_rounded&#8221; onclick=&#8221;link_image&#8221; css=&#8221;&#8221; label=&#8221;&#8221; css_params=&#8221;&#8221;][\/vc_column][vc_column width=&#8221;1\/3&#8243;][vc_single_image image=&#8221;2146&#8243; img_size=&#8221;300&#215;300&#8243; style=&#8221;vc_box_rounded&#8221;][\/vc_column][vc_column width=&#8221;1\/3&#8243;][vc_single_image image=&#8221;2140&#8243; img_size=&#8221;300&#215;300&#8243; style=&#8221;vc_box_rounded&#8221; onclick=&#8221;img_link_large&#8221; img_link_target=&#8221;_blank&#8221;][\/vc_column][\/vc_row]<\/p>\n<\/div>","protected":false},"excerpt":{"rendered":"<p>[vc_row wrap_container=&#8221;yes&#8221; is_section=&#8221;yes&#8221; section_skin=&#8221;parallax&#8221; remove_margin_top=&#8221;yes&#8221; remove_margin_bottom=&#8221;yes&#8221; remove_padding_bottom=&#8221;yes&#8221; remove_border=&#8221;yes&#8221; bg_type=&#8221;image&#8221; parallax_style=&#8221;vcpb-animated&#8221; bg_image_new=&#8221;id^722|url^http:\/\/semuehitus.ee\/swp\/wp-content\/uploads\/2016\/08\/liikuv-taust-2.png|caption^null|alt^null|title^liikuv-taust|description^null&#8221; bg_image_size=&#8221;initial&#8221; css=&#8221;.vc_custom_1506059715978{margin-top: 0px !important;}&#8221;][vc_column width=&#8221;1\/3&#8243;][vc_custom_heading text=&#8221;Ettev\u00f5ttest&#8221; use_theme_fonts=&#8221;yes&#8221; el_class=&#8221;m-t-lg m-b-none&#8221;][vc_separator color=&#8221;custom&#8221; align=&#8221;align_left&#8221; border_width=&#8221;3&#8243; type=&#8221;small&#8221; accent_color=&#8221;#ec1c28&#8243;][vc_column_text el_class=&#8221;m-t-lg&#8221;]Semuehitus tegeleb peamiselt ehituse peat\u00f6\u00f6v\u00f5tu ja projektijuhtimisega. Pakume t\u00e4iskomplektset lahendust alates ideest, projekteerimisest ja ehitusest kuni kasutusloa v\u00e4ljastamiseni. Ehitus- ja kinnisvaraturul oleme aktiivselt tegutsenud juba \u00fcle 30 aasta. Semuehitusel on [&hellip;]<\/p>\n","protected":false},"author":1,"featured_media":0,"parent":0,"menu_order":0,"comment_status":"closed","ping_status":"closed","template":"","meta":{"footnotes":""},"class_list":["post-143","page","type-page","status-publish","hentry"],"aioseo_notices":[],"_links":{"self":[{"href":"https:\/\/semuehitus.ee\/swp\/wp-json\/wp\/v2\/pages\/143","targetHints":{"allow":["GET"]}}],"collection":[{"href":"https:\/\/semuehitus.ee\/swp\/wp-json\/wp\/v2\/pages"}],"about":[{"href":"https:\/\/semuehitus.ee\/swp\/wp-json\/wp\/v2\/types\/page"}],"author":[{"embeddable":true,"href":"https:\/\/semuehitus.ee\/swp\/wp-json\/wp\/v2\/users\/1"}],"replies":[{"embeddable":true,"href":"https:\/\/semuehitus.ee\/swp\/wp-json\/wp\/v2\/comments?post=143"}],"version-history":[{"count":174,"href":"https:\/\/semuehitus.ee\/swp\/wp-json\/wp\/v2\/pages\/143\/revisions"}],"predecessor-version":[{"id":2720,"href":"https:\/\/semuehitus.ee\/swp\/wp-json\/wp\/v2\/pages\/143\/revisions\/2720"}],"wp:attachment":[{"href":"https:\/\/semuehitus.ee\/swp\/wp-json\/wp\/v2\/media?parent=143"}],"curies":[{"name":"wp","href":"https:\/\/api.w.org\/{rel}","templated":true}]}}