{"id":1299,"date":"2017-09-04T08:25:38","date_gmt":"2017-09-04T08:25:38","guid":{"rendered":"http:\/\/semuehitus.ee\/swp\/?page_id=1299"},"modified":"2017-09-22T05:45:20","modified_gmt":"2017-09-22T05:45:20","slug":"kinnisvaraarendus","status":"publish","type":"page","link":"https:\/\/semuehitus.ee\/swp\/kinnisvaraarendus\/","title":{"rendered":"Kinnisvaraarendus"},"content":{"rendered":"<div class=\"wpb-content-wrapper\"><p>[vc_row][vc_column width=&#8221;7\/12&#8243;][vc_custom_heading text=&#8221;Suuremad arendus\/investeeringu projektid&#8221; font_container=&#8221;tag:h2|font_size:36|text_align:left&#8221; use_theme_fonts=&#8221;yes&#8221; el_class=&#8221;m-b-md&#8221;][vc_separator color=&#8221;custom&#8221; align=&#8221;align_left&#8221; border_width=&#8221;3&#8243; type=&#8221;small&#8221; accent_color=&#8221;#ec1c28&#8243;][vc_column_text]<\/p>\n<ul class=\"list list-icons list-primary list-borders\">\n<li><i class=\"fa fa-check\"><\/i> V\u00f5ru Kooli tn 6 KAGUKESKUS &#8211; kaubanduskeskus<\/li>\n<li><i class=\"fa fa-check\"><\/i> V\u00f5ru Kreutzwaldi 89 AS- le Rautakesko ehitusmaterjalide kpl rendipind<\/li>\n<li><i class=\"fa fa-check\"><\/i> V\u00f5ru Koidula 26,26a,26b korterelamud (3 hoonet)<\/li>\n<li><i class=\"fa fa-check\"><\/i> V\u00f5ru Piiri 2, Piiri \u00c4rimaja<\/li>\n<li><i class=\"fa fa-check\"><\/i> Tartu Lepa 18 korterelamu<\/li>\n<li><i class=\"fa fa-check\"><\/i> V\u00f5ru Lille 3, korterelamu<\/li>\n<\/ul>\n<p>[\/vc_column_text][vc_row_inner][vc_column_inner width=&#8221;1\/4&#8243;][vc_single_image image=&#8221;1576&#8243; img_size=&#8221;full&#8221; label=&#8221;&#8221;][\/vc_column_inner][vc_column_inner width=&#8221;1\/4&#8243;][vc_single_image image=&#8221;1577&#8243; img_size=&#8221;full&#8221; label=&#8221;&#8221;][\/vc_column_inner][vc_column_inner width=&#8221;1\/4&#8243;][vc_single_image image=&#8221;1578&#8243; img_size=&#8221;full&#8221; label=&#8221;&#8221;][\/vc_column_inner][vc_column_inner width=&#8221;1\/4&#8243;][vc_single_image image=&#8221;1579&#8243; img_size=&#8221;full&#8221; label=&#8221;&#8221;][\/vc_column_inner][\/vc_row_inner][\/vc_column][vc_column width=&#8221;1\/12&#8243;][\/vc_column][vc_column width=&#8221;1\/3&#8243;][vc_widget_sidebar sidebar_id=&#8221;blog-sidebar&#8221;][\/vc_column][\/vc_row]<\/p>\n<\/div>","protected":false},"excerpt":{"rendered":"<p>[vc_row][vc_column width=&#8221;7\/12&#8243;][vc_custom_heading text=&#8221;Suuremad arendus\/investeeringu projektid&#8221; font_container=&#8221;tag:h2|font_size:36|text_align:left&#8221; use_theme_fonts=&#8221;yes&#8221; el_class=&#8221;m-b-md&#8221;][vc_separator color=&#8221;custom&#8221; align=&#8221;align_left&#8221; border_width=&#8221;3&#8243; type=&#8221;small&#8221; accent_color=&#8221;#ec1c28&#8243;][vc_column_text] V\u00f5ru Kooli tn 6 KAGUKESKUS &#8211; kaubanduskeskus V\u00f5ru Kreutzwaldi 89 AS- le Rautakesko ehitusmaterjalide kpl rendipind V\u00f5ru Koidula 26,26a,26b korterelamud (3 hoonet) V\u00f5ru Piiri 2, Piiri \u00c4rimaja Tartu Lepa 18 korterelamu V\u00f5ru Lille 3, korterelamu [\/vc_column_text][vc_row_inner][vc_column_inner width=&#8221;1\/4&#8243;][vc_single_image image=&#8221;1576&#8243; img_size=&#8221;full&#8221; label=&#8221;&#8221;][\/vc_column_inner][vc_column_inner width=&#8221;1\/4&#8243;][vc_single_image image=&#8221;1577&#8243; [&hellip;]<\/p>\n","protected":false},"author":1,"featured_media":0,"parent":0,"menu_order":0,"comment_status":"closed","ping_status":"closed","template":"","meta":{"footnotes":""},"class_list":["post-1299","page","type-page","status-publish","hentry"],"aioseo_notices":[],"_links":{"self":[{"href":"https:\/\/semuehitus.ee\/swp\/wp-json\/wp\/v2\/pages\/1299","targetHints":{"allow":["GET"]}}],"collection":[{"href":"https:\/\/semuehitus.ee\/swp\/wp-json\/wp\/v2\/pages"}],"about":[{"href":"https:\/\/semuehitus.ee\/swp\/wp-json\/wp\/v2\/types\/page"}],"author":[{"embeddable":true,"href":"https:\/\/semuehitus.ee\/swp\/wp-json\/wp\/v2\/users\/1"}],"replies":[{"embeddable":true,"href":"https:\/\/semuehitus.ee\/swp\/wp-json\/wp\/v2\/comments?post=1299"}],"version-history":[{"count":5,"href":"https:\/\/semuehitus.ee\/swp\/wp-json\/wp\/v2\/pages\/1299\/revisions"}],"predecessor-version":[{"id":1580,"href":"https:\/\/semuehitus.ee\/swp\/wp-json\/wp\/v2\/pages\/1299\/revisions\/1580"}],"wp:attachment":[{"href":"https:\/\/semuehitus.ee\/swp\/wp-json\/wp\/v2\/media?parent=1299"}],"curies":[{"name":"wp","href":"https:\/\/api.w.org\/{rel}","templated":true}]}}