{"id":1213,"date":"2017-09-04T07:00:53","date_gmt":"2017-09-04T07:00:53","guid":{"rendered":"http:\/\/semuehitus.ee\/swp\/blog\/?page_id=1213"},"modified":"2025-09-15T09:01:34","modified_gmt":"2025-09-15T09:01:34","slug":"galerii-tehtud-toodest","status":"publish","type":"page","link":"https:\/\/semuehitus.ee\/swp\/galerii-tehtud-toodest\/","title":{"rendered":"Valminud objektid"},"content":{"rendered":"<div class=\"wpb-content-wrapper\"><p>[vc_row][vc_column][vc_custom_heading text=&#8221;Galerii teostatud t\u00f6\u00f6dest&#8221; font_container=&#8221;tag:h1|font_size:40|text_align:center|color:%23111111&#8243; use_theme_fonts=&#8221;yes&#8221; css=&#8221;.vc_custom_1733844190141{margin-bottom: 20px !important;}&#8221; el_class=&#8221;m-b-md&#8221;][vc_custom_heading text=&#8221;Valik valminud objektidest.&#8221; font_container=&#8221;tag:h4|font_size:20|text_align:center|color:var(&#8211;porto-quaternary-color)&#8221; use_theme_fonts=&#8221;yes&#8221; css=&#8221;.vc_custom_1733844918833{margin-top: 0px !important;}&#8221; el_class=&#8221;m-b-md&#8221; css_params=&#8221;&#8221; link=&#8221;url:https%3A%2F%2Fsemuehitus.ee%2Fswp%2Freferentsid%2F&#8221;][vc_custom_heading text=&#8221;Kogu referentsobjektide nimekirja vaatamiseks kliki sellel tekstil.&#8221; font_container=&#8221;tag:h4|font_size:14|text_align:center|color:var(&#8211;porto-primary-color)&#8221; use_theme_fonts=&#8221;yes&#8221; css=&#8221;.vc_custom_1733845339155{margin-top: 20px !important;margin-bottom: 50px !important;}&#8221; el_class=&#8221;m-b-md&#8221; css_params=&#8221;&#8221; link=&#8221;url:https%3A%2F%2Fsemuehitus.ee%2Fswp%2Freferentsid%2F&#8221;][vc_text_separator title=&#8221;2025&#8243; border_width=&#8221;2&#8243; el_width=&#8221;90&#8243; css=&#8221;.vc_custom_1757242179980{margin-top: 30px !important;padding-top: 0px !important;padding-bottom: 0px !important;}&#8221; element=&#8221;h2&#8243;][\/vc_column][\/vc_row][vc_row][vc_column text_align=&#8221;justify&#8221;][vc_custom_heading text=&#8221;kood\/V\u00f5ru (Tartu tn 25) programmeerimiskooli ehitus&#8221; font_container=&#8221;tag:h3|font_size:24|text_align:center|color:%23111111&#8243; use_theme_fonts=&#8221;yes&#8221; css=&#8221;.vc_custom_1757926840170{margin-top: 15px !important;}&#8221; el_class=&#8221;m-b-md&#8221; css_params=&#8221;&#8221;][vc_row_inner][vc_column_inner width=&#8221;1\/2&#8243;][vc_single_image image=&#8221;2705&#8243; img_size=&#8221;large&#8221; add_caption=&#8221;yes&#8221; alignment=&#8221;center&#8221; style=&#8221;vc_box_rounded&#8221; onclick=&#8221;link_image&#8221; css=&#8221;&#8221; label=&#8221;&#8221;][\/vc_column_inner][vc_column_inner width=&#8221;1\/2&#8243;][vc_single_image image=&#8221;2702&#8243; img_size=&#8221;large&#8221; add_caption=&#8221;yes&#8221; alignment=&#8221;center&#8221; style=&#8221;vc_box_rounded&#8221; onclick=&#8221;link_image&#8221; css=&#8221;&#8221; label=&#8221;&#8221;][\/vc_column_inner][\/vc_row_inner][vc_separator el_width=&#8221;50&#8243;][\/vc_column][\/vc_row][vc_row][vc_column text_align=&#8221;justify&#8221;][vc_custom_heading text=&#8221;Olevi tn 30, V\u00f5ru korterelamu terviklik rekonstrueerimine&#8221; font_container=&#8221;tag:h3|font_size:24|text_align:center|color:%23111111&#8243; use_theme_fonts=&#8221;yes&#8221; css=&#8221;.vc_custom_1757243192528{margin-top: 15px !important;}&#8221; el_class=&#8221;m-b-md&#8221;][vc_row_inner][vc_column_inner width=&#8221;1\/3&#8243;][vc_single_image image=&#8221;2683&#8243; img_size=&#8221;medium&#8221; add_caption=&#8221;yes&#8221; alignment=&#8221;center&#8221; style=&#8221;vc_box_rounded&#8221; onclick=&#8221;link_image&#8221; css=&#8221;&#8221;][\/vc_column_inner][vc_column_inner width=&#8221;1\/3&#8243;][vc_single_image image=&#8221;2695&#8243; img_size=&#8221;medium&#8221; add_caption=&#8221;yes&#8221; alignment=&#8221;center&#8221; style=&#8221;vc_box_rounded&#8221; onclick=&#8221;link_image&#8221; css=&#8221;&#8221;][\/vc_column_inner][vc_column_inner width=&#8221;1\/3&#8243;][vc_single_image image=&#8221;2692&#8243; img_size=&#8221;large&#8221; add_caption=&#8221;yes&#8221; alignment=&#8221;center&#8221; style=&#8221;vc_box_rounded&#8221; onclick=&#8221;link_image&#8221; css=&#8221;&#8221;][\/vc_column_inner][\/vc_row_inner][vc_separator el_width=&#8221;50&#8243;][\/vc_column][\/vc_row][vc_row][vc_column text_align=&#8221;justify&#8221;][vc_custom_heading text=&#8221;Paju tn 20, V\u00f5ru korterelamu terviklik rekonstrueerimine&#8221; font_container=&#8221;tag:h3|font_size:24|text_align:center|color:%23111111&#8243; use_theme_fonts=&#8221;yes&#8221; css=&#8221;.vc_custom_1757242215436{margin-top: 15px !important;}&#8221; el_class=&#8221;m-b-md&#8221;][vc_custom_heading text=&#8221;R\u00f5dude klaaspiiretesse integreeriti p\u00e4ikesepaneelid (BIPV s\u00fcsteem, ~34 kW)&#8221; font_container=&#8221;tag:h4|font_size:18|text_align:center|color:%23111111&#8243; use_theme_fonts=&#8221;yes&#8221; css=&#8221;&#8221; el_class=&#8221;m-b-md&#8221;][vc_row_inner][vc_column_inner width=&#8221;1\/3&#8243;][vc_single_image image=&#8221;2669&#8243; img_size=&#8221;large&#8221; add_caption=&#8221;yes&#8221; alignment=&#8221;center&#8221; style=&#8221;vc_box_rounded&#8221; onclick=&#8221;link_image&#8221; css=&#8221;&#8221;][\/vc_column_inner][vc_column_inner width=&#8221;1\/3&#8243;][vc_single_image image=&#8221;2672&#8243; img_size=&#8221;medium&#8221; add_caption=&#8221;yes&#8221; alignment=&#8221;center&#8221; style=&#8221;vc_box_rounded&#8221; onclick=&#8221;link_image&#8221; css=&#8221;&#8221;][\/vc_column_inner][vc_column_inner width=&#8221;1\/3&#8243;][vc_single_image image=&#8221;2675&#8243; img_size=&#8221;medium&#8221; add_caption=&#8221;yes&#8221; alignment=&#8221;center&#8221; style=&#8221;vc_box_rounded&#8221; onclick=&#8221;link_image&#8221; css=&#8221;&#8221;][\/vc_column_inner][\/vc_row_inner][vc_separator el_width=&#8221;50&#8243;][\/vc_column][\/vc_row][vc_row][vc_column text_align=&#8221;justify&#8221;][vc_text_separator title=&#8221;2023&#8243; border_width=&#8221;2&#8243; el_width=&#8221;90&#8243; css=&#8221;.vc_custom_1757242175615{margin-top: 30px !important;padding-top: 0px !important;padding-bottom: 0px !important;}&#8221; element=&#8221;h2&#8243;][\/vc_column][\/vc_row][vc_row][vc_column text_align=&#8221;justify&#8221;][vc_custom_heading text=&#8221;V\u00f5ru J\u00e4rve Kooli \u00f5ppehoone ehitust\u00f6\u00f6d&#8221; font_container=&#8221;tag:h3|font_size:24|text_align:center&#8221; use_theme_fonts=&#8221;yes&#8221; css=&#8221;.vc_custom_1718800205458{margin-top: 15px !important;}&#8221; el_class=&#8221;m-b-md&#8221;][vc_custom_heading text=&#8221;Kampaania &#8220;S\u00fcdamega tehtud eurotegu 2023&#8220; nominent&#8221; font_container=&#8221;tag:h4|font_size:18|text_align:center&#8221; use_theme_fonts=&#8221;yes&#8221; el_class=&#8221;m-b-md&#8221;][vc_row_inner][vc_column_inner width=&#8221;1\/4&#8243;][vc_single_image image=&#8221;2488&#8243; img_size=&#8221;250&#215;250&#8243; add_caption=&#8221;yes&#8221; alignment=&#8221;center&#8221; style=&#8221;vc_box_rounded&#8221; onclick=&#8221;link_image&#8221;][\/vc_column_inner][vc_column_inner width=&#8221;1\/4&#8243;][vc_single_image image=&#8221;2491&#8243; img_size=&#8221;250&#215;250&#8243; add_caption=&#8221;yes&#8221; alignment=&#8221;center&#8221; style=&#8221;vc_box_rounded&#8221; onclick=&#8221;link_image&#8221;][\/vc_column_inner][vc_column_inner width=&#8221;1\/4&#8243;][vc_single_image image=&#8221;2494&#8243; img_size=&#8221;250&#215;250&#8243; add_caption=&#8221;yes&#8221; alignment=&#8221;center&#8221; style=&#8221;vc_box_rounded&#8221; onclick=&#8221;link_image&#8221;][\/vc_column_inner][vc_column_inner width=&#8221;1\/4&#8243;][vc_single_image image=&#8221;2499&#8243; img_size=&#8221;250&#215;250&#8243; add_caption=&#8221;yes&#8221; alignment=&#8221;center&#8221; style=&#8221;vc_box_rounded&#8221; onclick=&#8221;link_image&#8221;][\/vc_column_inner][\/vc_row_inner][vc_separator el_width=&#8221;50&#8243;][\/vc_column][\/vc_row][vc_row][vc_column text_align=&#8221;justify&#8221;][vc_custom_heading text=&#8221;Puiga P\u00f5hikooli koolimaja \u00fcmberehitamine ja laiendamine&#8221; font_container=&#8221;tag:h3|font_size:24|text_align:center&#8221; use_theme_fonts=&#8221;yes&#8221; css=&#8221;.vc_custom_1718800810724{margin-top: 15px !important;}&#8221; el_class=&#8221;m-b-md&#8221;][vc_row_inner][vc_column_inner width=&#8221;1\/3&#8243;][vc_single_image image=&#8221;2472&#8243; img_size=&#8221;250&#215;250&#8243; add_caption=&#8221;yes&#8221; alignment=&#8221;center&#8221; style=&#8221;vc_box_rounded&#8221; onclick=&#8221;link_image&#8221;][\/vc_column_inner][vc_column_inner width=&#8221;1\/3&#8243;][vc_single_image image=&#8221;2463&#8243; img_size=&#8221;250&#215;250&#8243; add_caption=&#8221;yes&#8221; alignment=&#8221;center&#8221; style=&#8221;vc_box_rounded&#8221; onclick=&#8221;link_image&#8221;][\/vc_column_inner][vc_column_inner width=&#8221;1\/3&#8243;][vc_single_image image=&#8221;2653&#8243; img_size=&#8221;900&#215;600&#8243; add_caption=&#8221;yes&#8221; alignment=&#8221;center&#8221; style=&#8221;vc_box_rounded&#8221; onclick=&#8221;link_image&#8221; css=&#8221;&#8221; css_params=&#8221;&#8221;][\/vc_column_inner][\/vc_row_inner][vc_separator el_width=&#8221;50&#8243;][\/vc_column][\/vc_row][vc_row][vc_column text_align=&#8221;justify&#8221;][vc_custom_heading text=&#8221;R\u00e4pina Haigla \u00f5endus- ja hooldusosakonna hoone ressursit\u00f5hususe parandamine&#8221; font_container=&#8221;tag:h3|font_size:24|text_align:center&#8221; use_theme_fonts=&#8221;yes&#8221; css=&#8221;.vc_custom_1718802068116{margin-top: 15px !important;}&#8221; el_class=&#8221;m-b-md&#8221;][vc_row_inner][vc_column_inner width=&#8221;1\/2&#8243;][vc_single_image image=&#8221;2525&#8243; img_size=&#8221;300&#215;300&#8243; add_caption=&#8221;yes&#8221; alignment=&#8221;center&#8221; style=&#8221;vc_box_rounded&#8221; onclick=&#8221;link_image&#8221; css=&#8221;&#8221;][\/vc_column_inner][vc_column_inner width=&#8221;1\/2&#8243;][vc_single_image image=&#8221;2522&#8243; img_size=&#8221;500&#215;250&#8243; add_caption=&#8221;yes&#8221; alignment=&#8221;center&#8221; style=&#8221;vc_box_rounded&#8221; onclick=&#8221;link_image&#8221; css=&#8221;&#8221;][\/vc_column_inner][\/vc_row_inner][vc_separator el_width=&#8221;50&#8243;][\/vc_column][\/vc_row][vc_row][vc_column text_align=&#8221;justify&#8221;][vc_text_separator title=&#8221;2022&#8243; border_width=&#8221;2&#8243; el_width=&#8221;90&#8243; css=&#8221;.vc_custom_1718802914343{margin-top: 30px !important;padding-top: 0px !important;padding-bottom: 0px !important;}&#8221; element=&#8221;h2&#8243;][\/vc_column][\/vc_row][vc_row][vc_column text_align=&#8221;justify&#8221;][vc_custom_heading text=&#8221;V\u00f5ru esmatasandi tervisekeskus&#8221; font_container=&#8221;tag:h3|font_size:24|text_align:center&#8221; use_theme_fonts=&#8221;yes&#8221; css=&#8221;.vc_custom_1718803128095{margin-top: 15px !important;}&#8221; el_class=&#8221;m-b-md&#8221;][vc_row_inner][vc_column_inner width=&#8221;1\/2&#8243;][vc_single_image image=&#8221;2659&#8243; img_size=&#8221;600&#215;350&#8243; add_caption=&#8221;yes&#8221; alignment=&#8221;center&#8221; style=&#8221;vc_box_rounded&#8221; onclick=&#8221;link_image&#8221; css=&#8221;&#8221;][\/vc_column_inner][vc_column_inner width=&#8221;1\/2&#8243;][vc_single_image image=&#8221;2664&#8243; img_size=&#8221;250&#215;350&#8243; add_caption=&#8221;yes&#8221; alignment=&#8221;center&#8221; style=&#8221;vc_box_rounded&#8221; onclick=&#8221;link_image&#8221; css=&#8221;&#8221; img_height=&#8221;{&#8220;xl&#8220;:&#8220;350&#8220;,&#8220;unit&#8220;:&#8220;&#8220;,&#8220;xs&#8220;:&#8220;&#8220;,&#8220;sm&#8220;:&#8220;&#8220;,&#8220;md&#8220;:&#8220;&#8220;,&#8220;lg&#8220;:&#8220;&#8220;}&#8221;][\/vc_column_inner][\/vc_row_inner][vc_separator el_width=&#8221;50&#8243;][\/vc_column][\/vc_row][vc_row][vc_column text_align=&#8221;justify&#8221;][vc_text_separator title=&#8221;2021&#8243; border_width=&#8221;2&#8243; el_width=&#8221;90&#8243; css=&#8221;.vc_custom_1733846881535{margin-top: 30px !important;padding-top: 0px !important;padding-bottom: 0px !important;}&#8221; element=&#8221;h2&#8243;][\/vc_column][\/vc_row][vc_row][vc_column text_align=&#8221;justify&#8221;][vc_custom_heading text=&#8221;V\u00f5ru, Liiva 26a korterelamu&#8221; font_container=&#8221;tag:h3|font_size:24|text_align:center|color:%23111111&#8243; use_theme_fonts=&#8221;yes&#8221; css=&#8221;.vc_custom_1733846396437{margin-top: 15px !important;}&#8221; el_class=&#8221;m-b-md&#8221;][vc_row_inner][vc_column_inner width=&#8221;1\/2&#8243;][vc_single_image image=&#8221;2000&#8243; img_size=&#8221;320&#215;240&#8243; add_caption=&#8221;yes&#8221; alignment=&#8221;center&#8221; style=&#8221;vc_box_rounded&#8221; onclick=&#8221;link_image&#8221; css=&#8221;&#8221;][\/vc_column_inner][vc_column_inner width=&#8221;1\/2&#8243;][vc_single_image image=&#8221;1993&#8243; img_size=&#8221;320&#215;240&#8243; add_caption=&#8221;yes&#8221; alignment=&#8221;center&#8221; style=&#8221;vc_box_rounded&#8221; onclick=&#8221;link_image&#8221; css=&#8221;&#8221;][\/vc_column_inner][\/vc_row_inner][vc_separator el_width=&#8221;50&#8243;][\/vc_column][\/vc_row][vc_row][vc_column text_align=&#8221;justify&#8221;][vc_custom_heading text=&#8221;Vana-Kuuste m\u00f5isakooli rekonstrueerimine&#8221; font_container=&#8221;tag:h3|font_size:24|text_align:center|color:%23111111&#8243; use_theme_fonts=&#8221;yes&#8221; css=&#8221;.vc_custom_1733846998229{margin-top: 15px !important;}&#8221; el_class=&#8221;m-b-md&#8221;][vc_row_inner][vc_column_inner width=&#8221;1\/2&#8243;][vc_single_image image=&#8221;2005&#8243; img_size=&#8221;320&#215;240&#8243; add_caption=&#8221;yes&#8221; alignment=&#8221;center&#8221; style=&#8221;vc_box_rounded&#8221; onclick=&#8221;link_image&#8221; css=&#8221;&#8221;][\/vc_column_inner][vc_column_inner width=&#8221;1\/2&#8243;][vc_single_image image=&#8221;2013&#8243; img_size=&#8221;320&#215;240&#8243; add_caption=&#8221;yes&#8221; alignment=&#8221;center&#8221; style=&#8221;vc_box_rounded&#8221; onclick=&#8221;link_image&#8221; css=&#8221;&#8221;][\/vc_column_inner][\/vc_row_inner][vc_separator el_width=&#8221;50&#8243;][\/vc_column][\/vc_row][vc_row][vc_column][vc_custom_heading text=&#8221;Fotopank&#8221; font_container=&#8221;tag:h2|font_size:28|text_align:left&#8221; use_theme_fonts=&#8221;yes&#8221; el_class=&#8221;m-b-md&#8221;][vc_separator color=&#8221;custom&#8221; align=&#8221;align_left&#8221; accent_color=&#8221;#ec1c28&#8243; border_width=&#8221;3&#8243; type=&#8221;small&#8221;][vc_gallery type=&#8221;image_grid&#8221; images=&#8221;2488,2491,2494,2466,2469,2463,2447,2107,2101,2104,2081,2078,2377,2380,2027,2024,1952,2430,2433,2000,1993,2005,2008,2016,2373,2384,2370,2360,2353,1734,1739,1738,2389,2392,2395,2399,2403,2407,2410,1535,1534,1533,1532,1531,1529,1528,1527,1526,1525,1524,1523,1522,1521,1517,1514,1513,1505,1503,1502,1501,1500,1499,1498,1494,1493,1492,1491,1490,1489,1488,1486,1484,1483,1482,1481,1480,1479,1477,1476,1475,1474,1473,1472,1471,1470,1469,1468,1466,1465,1463,1462&#8243; img_size=&#8221;180&#215;180&#8243; css=&#8221;&#8221;][\/vc_column][\/vc_row]<\/p>\n<\/div>","protected":false},"excerpt":{"rendered":"<p>[vc_row][vc_column][vc_custom_heading text=&#8221;Galerii teostatud t\u00f6\u00f6dest&#8221; font_container=&#8221;tag:h1|font_size:40|text_align:center|color:%23111111&#8243; use_theme_fonts=&#8221;yes&#8221; css=&#8221;.vc_custom_1733844190141{margin-bottom: 20px !important;}&#8221; el_class=&#8221;m-b-md&#8221;][vc_custom_heading text=&#8221;Valik valminud objektidest.&#8221; font_container=&#8221;tag:h4|font_size:20|text_align:center|color:var(&#8211;porto-quaternary-color)&#8221; use_theme_fonts=&#8221;yes&#8221; css=&#8221;.vc_custom_1733844918833{margin-top: 0px !important;}&#8221; el_class=&#8221;m-b-md&#8221; css_params=&#8221;&#8221; link=&#8221;url:https%3A%2F%2Fsemuehitus.ee%2Fswp%2Freferentsid%2F&#8221;][vc_custom_heading text=&#8221;Kogu referentsobjektide nimekirja vaatamiseks kliki sellel tekstil.&#8221; font_container=&#8221;tag:h4|font_size:14|text_align:center|color:var(&#8211;porto-primary-color)&#8221; use_theme_fonts=&#8221;yes&#8221; css=&#8221;.vc_custom_1733845339155{margin-top: 20px !important;margin-bottom: 50px !important;}&#8221; el_class=&#8221;m-b-md&#8221; css_params=&#8221;&#8221; link=&#8221;url:https%3A%2F%2Fsemuehitus.ee%2Fswp%2Freferentsid%2F&#8221;][vc_text_separator title=&#8221;2025&#8243; border_width=&#8221;2&#8243; el_width=&#8221;90&#8243; css=&#8221;.vc_custom_1757242179980{margin-top: 30px !important;padding-top: 0px !important;padding-bottom: 0px !important;}&#8221; element=&#8221;h2&#8243;][\/vc_column][\/vc_row][vc_row][vc_column text_align=&#8221;justify&#8221;][vc_custom_heading text=&#8221;kood\/V\u00f5ru (Tartu tn 25) programmeerimiskooli [&hellip;]<\/p>\n","protected":false},"author":1,"featured_media":0,"parent":0,"menu_order":0,"comment_status":"closed","ping_status":"closed","template":"","meta":{"footnotes":""},"class_list":["post-1213","page","type-page","status-publish","hentry"],"aioseo_notices":[],"_links":{"self":[{"href":"https:\/\/semuehitus.ee\/swp\/wp-json\/wp\/v2\/pages\/1213","targetHints":{"allow":["GET"]}}],"collection":[{"href":"https:\/\/semuehitus.ee\/swp\/wp-json\/wp\/v2\/pages"}],"about":[{"href":"https:\/\/semuehitus.ee\/swp\/wp-json\/wp\/v2\/types\/page"}],"author":[{"embeddable":true,"href":"https:\/\/semuehitus.ee\/swp\/wp-json\/wp\/v2\/users\/1"}],"replies":[{"embeddable":true,"href":"https:\/\/semuehitus.ee\/swp\/wp-json\/wp\/v2\/comments?post=1213"}],"version-history":[{"count":60,"href":"https:\/\/semuehitus.ee\/swp\/wp-json\/wp\/v2\/pages\/1213\/revisions"}],"predecessor-version":[{"id":2708,"href":"https:\/\/semuehitus.ee\/swp\/wp-json\/wp\/v2\/pages\/1213\/revisions\/2708"}],"wp:attachment":[{"href":"https:\/\/semuehitus.ee\/swp\/wp-json\/wp\/v2\/media?parent=1213"}],"curies":[{"name":"wp","href":"https:\/\/api.w.org\/{rel}","templated":true}]}}