{"id":1199,"date":"2017-09-04T06:57:35","date_gmt":"2017-09-04T06:57:35","guid":{"rendered":"http:\/\/semuehitus.ee\/swp\/blog\/?page_id=1199"},"modified":"2025-01-07T17:58:14","modified_gmt":"2025-01-07T17:58:14","slug":"ettevottest","status":"publish","type":"page","link":"https:\/\/semuehitus.ee\/swp\/ettevottest\/","title":{"rendered":"Ettev\u00f5ttest"},"content":{"rendered":"<div class=\"wpb-content-wrapper\"><p>[vc_row][vc_column width=&#8221;7\/12&#8243;][vc_custom_heading text=&#8221;Ettev\u00f5ttest&#8221; font_container=&#8221;tag:h2|font_size:36|text_align:left|color:%23111111&#8243; use_theme_fonts=&#8221;yes&#8221; css=&#8221;&#8221; source=&#8221;post_title&#8221; el_class=&#8221;m-b-md&#8221; css_params=&#8221;&#8221;][vc_separator color=&#8221;custom&#8221; align=&#8221;align_left&#8221; accent_color=&#8221;#ec1c28&#8243; border_width=&#8221;3&#8243; type=&#8221;small&#8221;][vc_column_text el_class=&#8221;lead m-b-lg&#8221;]Semuehitus asutati 1993. a. 10. detsembril.\u00a0 Semuehitus tegeleb ehitamise (riigihanked, erahanked) ja kinnisvaraarendusega.[\/vc_column_text][vc_custom_heading text=&#8221;Ehitus\u00fcksus&#8221; font_container=&#8221;tag:h2|font_size:36|text_align:left&#8221; use_theme_fonts=&#8221;yes&#8221; el_class=&#8221;m-b-md&#8221;][vc_column_text]Semuehitus omab ehitusalase peat\u00f6\u00f6v\u00f5tu ja projektide juhtimise ISO 9001:2008 kvaliteedisertifikaati alates 2002 aastast. 2010. aasta jaanuaris omandasime ISO 14001:2004 keskkonnajuhtimiss\u00fcsteemi standardi. 2005.a. alates omab Semuehitus Muinsuskaitseameti tegevusluba (ehitism\u00e4lestiste, ajaloom\u00e4lestiste (hooned), t\u00f6\u00f6stusm\u00e4lestiste ja UNESCO maailmap\u00e4randi nimekirja objektidel uuringud, konserveerimis- ja restaureerimist\u00f6\u00f6de tegevuskavade, konserveerimise ja restaureerimise projektide inseneriosade ning muinsuskaitse eritingimuste koostamine, konserveerimine ja restaureerimine ning muinsuskaitse j\u00e4relevalve, seal hulgas muinsuskaitsealadel).[\/vc_column_text][vc_custom_heading text=&#8221;Kinnisvara arenduste ajalugu&#8221; font_container=&#8221;tag:h2|font_size:36|text_align:left&#8221; use_theme_fonts=&#8221;yes&#8221; el_class=&#8221;m-b-md&#8221;][vc_column_text]<\/p>\n<ul>\n<li>2024. a. algas V\u00f5ru, Lille tn 3 korterelamu uusarendusprojekti arendamine.<\/li>\n<li>2008. a. avas uksed Kagu-Eesti suurim kaubanduskeskus Kagukeskus, millega elavdati Kooli t\u00e4nava piirkonda, muutes Kooli t\u00e4nava elanike jaoks atraktiivseks elamispiirkonnas (\u00fcksteisega vahetusse l\u00e4hedusse j\u00e4\u00e4b g\u00fcmnaasium, spordihoone ja kaubandus-teeninduskeskus).<\/li>\n<li>2008. a. augustis m\u00fc\u00fcdi kauplus Rautakesko.<\/li>\n<li>2007. a. valmis uusim ja moodsaim ehitusmaterjale ja rauakaupu m\u00fc\u00fcv kauplus Rautakesko. Rauakesko rajamisega korrastati ja puhastati Soo piirkond suurel hulgal v\u00f5sast. Rajati uus t\u00e4naval\u00f5ik, mis \u00fchendab omavahel Kreutzwaldi ja J\u00fcri t\u00e4navat h\u00f5lbustades liiklemist erinevate suurte kaupluste vahel nimetatud piirkonnas.<\/li>\n<li>2007. a. valmis Koidula t\u00e4naval asuv korterelamu kompleks, mis andis uue ja v\u00e4rske ilme V\u00f5ru vanalinna piirkonnale. Koidula t\u00e4nava arendust on tunnustatud V\u00f5ru linnavalitsuse Kaunima kodu tiitliga.<\/li>\n<li>2007. a. valmis kohe Taluturu k\u00f5rvale teine kaasaegne \u00e4rimaja Piiri \u00c4rimaja, kus on brutopinda ca 1060 m2.<\/li>\n<li>2007. a. alustati Kagukeskuse ehitust\u00f6\u00f6de ettevalmistamisega Kooli t\u00e4navas.<\/li>\n<li>2005. a. ostis Semuehitus Koidula t\u00e4navas asuva endise V\u00f5ru T\u00f6\u00f6stustehnikumi hoone eesm\u00e4rgiga rajada sinna eksklusiivne elamukompleks. Korterelamud valmisid 2007. a.<\/li>\n<li>2002. a. valmis V\u00f5ru kesklinnas &#8220;Semu Kaubamaja&#8221;. Semukaubamaja p\u00e4lvis<\/li>\n<li>2003. a. Eestimaa kaunima kodu tiitli (auhinna v\u00e4ljaandjaks EV majandusminister Juhan Parts).<\/li>\n<li>2001. a. alustati kogu Koreli oja \u00e4\u00e4rse ala, R\u00e4pina maanteest kuni Vabaduse t\u00e4nava sillani, detailplaneeringuga (kokku 5,6 hektarit), pannes aluse senise v\u00f5sastunud ala V\u00f5ru linna moodsaks linnakeskkonna kujundamiseks.<\/li>\n<li>2000. a. likvideeris Semuehitus vana V\u00f5ru Gaasianal\u00fcsaatorite tehase \u00f5limahutid ning korrastas tehase territooriumi.<\/li>\n<li>1999. a. ostis Semuehitus Kooli tn vallasvara: pooleli j\u00e4\u00e4nud spordihoone.<\/li>\n<li>1996. aastal osteti avalikul enampakkumisel V\u00f5ru linna pesumaja tervikvara. Vanast pesumajast kujundati V\u00f5ru linna esimene kaasaegne ehitusmaterjalide kauplus Paju Ehituskaup (praegune Decora).<\/li>\n<\/ul>\n<p>[\/vc_column_text][vc_custom_heading text=&#8221;Tunnustused&#8221; font_container=&#8221;tag:h2|font_size:36|text_align:left&#8221; use_theme_fonts=&#8221;yes&#8221; el_class=&#8221;m-b-md&#8221;][vc_column_text]<\/p>\n<ul>\n<li>2022. aastal tunnustas V\u00f5ru Linnavalitsus Semuehitust &#8220;Aasta 2022 Ettev\u00f5te&#8221; tiitliga.<\/li>\n<li>2022. aastal tunnustati Semuehitust t\u00e4nukirjaga, kui V\u00f5ru maakonna aasta v\u00e4ikeettev\u00f5te 2022 nominent.<\/li>\n<li>2018. aastal p\u00e4rjati Semuehitus poolt ehitatud Vastseliina P\u00e4\u00e4stekomando tiitliga &#8220;Aasta Puitehitis 2018&#8221;.<\/li>\n<li>2016. aastal tunnustas Muinsuskaitseamet Semuehitust Valga Poeglaste G\u00fcmnaasiumi hoone k\u00f5rgel tasemel restaureerimis eest.<\/li>\n<li>2014. aastal otsustas V\u00f5rumaa Kutsehariduskeskus tunnustada\u00a0 Semuehitus tunnustatud praktikaettev\u00f5tte tiitliga.<\/li>\n<li>2008. aastal oli Semuehitus \u00c4rip\u00e4eva V\u00f5rumaa ettev\u00f5tete TOP-s I kohal.<\/li>\n<li>2008. aastal tunnustati Koidula 26 korterelamu V\u00f5ru linnavalitsuse Kaunima kodu tiitliga.<\/li>\n<li>2003. aastal tunnustati Semukaubamaja Eestimaa kaunima kodu tiitliga.<\/li>\n<li>2001. aaastal tunnustati Semuehitus V\u00f5rumaa edukama ettev\u00f5tte tiitliga.<\/li>\n<\/ul>\n<p>[\/vc_column_text][\/vc_column][vc_column width=&#8221;1\/12&#8243;][\/vc_column][vc_column width=&#8221;1\/3&#8243;][vc_wp_custommenu nav_menu=&#8221;52&#8243;][vc_widget_sidebar sidebar_id=&#8221;blog-sidebar&#8221;][\/vc_column][\/vc_row]<\/p>\n<\/div>","protected":false},"excerpt":{"rendered":"<p>[vc_row][vc_column width=&#8221;7\/12&#8243;][vc_custom_heading text=&#8221;Ettev\u00f5ttest&#8221; font_container=&#8221;tag:h2|font_size:36|text_align:left|color:%23111111&#8243; use_theme_fonts=&#8221;yes&#8221; css=&#8221;&#8221; source=&#8221;post_title&#8221; el_class=&#8221;m-b-md&#8221; css_params=&#8221;&#8221;][vc_separator color=&#8221;custom&#8221; align=&#8221;align_left&#8221; accent_color=&#8221;#ec1c28&#8243; border_width=&#8221;3&#8243; type=&#8221;small&#8221;][vc_column_text el_class=&#8221;lead m-b-lg&#8221;]Semuehitus asutati 1993. a. 10. detsembril.\u00a0 Semuehitus tegeleb ehitamise (riigihanked, erahanked) ja kinnisvaraarendusega.[\/vc_column_text][vc_custom_heading text=&#8221;Ehitus\u00fcksus&#8221; font_container=&#8221;tag:h2|font_size:36|text_align:left&#8221; use_theme_fonts=&#8221;yes&#8221; el_class=&#8221;m-b-md&#8221;][vc_column_text]Semuehitus omab ehitusalase peat\u00f6\u00f6v\u00f5tu ja projektide juhtimise ISO 9001:2008 kvaliteedisertifikaati alates 2002 aastast. 2010. aasta jaanuaris omandasime ISO 14001:2004 keskkonnajuhtimiss\u00fcsteemi standardi. 2005.a. alates omab [&hellip;]<\/p>\n","protected":false},"author":1,"featured_media":0,"parent":0,"menu_order":0,"comment_status":"closed","ping_status":"closed","template":"","meta":{"footnotes":""},"class_list":["post-1199","page","type-page","status-publish","hentry"],"aioseo_notices":[],"_links":{"self":[{"href":"https:\/\/semuehitus.ee\/swp\/wp-json\/wp\/v2\/pages\/1199","targetHints":{"allow":["GET"]}}],"collection":[{"href":"https:\/\/semuehitus.ee\/swp\/wp-json\/wp\/v2\/pages"}],"about":[{"href":"https:\/\/semuehitus.ee\/swp\/wp-json\/wp\/v2\/types\/page"}],"author":[{"embeddable":true,"href":"https:\/\/semuehitus.ee\/swp\/wp-json\/wp\/v2\/users\/1"}],"replies":[{"embeddable":true,"href":"https:\/\/semuehitus.ee\/swp\/wp-json\/wp\/v2\/comments?post=1199"}],"version-history":[{"count":23,"href":"https:\/\/semuehitus.ee\/swp\/wp-json\/wp\/v2\/pages\/1199\/revisions"}],"predecessor-version":[{"id":2636,"href":"https:\/\/semuehitus.ee\/swp\/wp-json\/wp\/v2\/pages\/1199\/revisions\/2636"}],"wp:attachment":[{"href":"https:\/\/semuehitus.ee\/swp\/wp-json\/wp\/v2\/media?parent=1199"}],"curies":[{"name":"wp","href":"https:\/\/api.w.org\/{rel}","templated":true}]}}